{"id":11,"date":"2022-11-08T12:56:17","date_gmt":"2022-11-08T11:56:17","guid":{"rendered":"http:\/\/laserantitabac-gaba.com\/?page_id=11"},"modified":"2026-02-04T12:13:12","modified_gmt":"2026-02-04T11:13:12","slug":"a-propos","status":"publish","type":"page","link":"https:\/\/laserantitabac-gaba.com\/index.php\/a-propos\/","title":{"rendered":"\u00c0 propos"},"content":{"rendered":"\n<div class=\"wp-block-cover alignfull is-light\" style=\"min-height:1973px;aspect-ratio:unset;\"><span aria-hidden=\"true\" class=\"wp-block-cover__background has-background-dim-100 has-background-dim\" style=\"background-color:#fff9f1\"><\/span><div class=\"wp-block-cover__inner-container is-layout-flow wp-block-cover-is-layout-flow\">\n<div class=\"wp-block-group is-layout-flow wp-block-group-is-layout-flow\">\n<div style=\"height:80px\" aria-hidden=\"true\" class=\"wp-block-spacer\"><\/div>\n\n\n\n<div class=\"wp-block-columns are-vertically-aligned-center is-layout-flex wp-container-core-columns-is-layout-28f84493 wp-block-columns-is-layout-flex\">\n<div class=\"wp-block-column is-vertically-aligned-center is-layout-flow wp-block-column-is-layout-flow\" style=\"flex-basis:50%\">\n<figure class=\"wp-block-image size-large\"><img fetchpriority=\"high\" decoding=\"async\" width=\"683\" height=\"1024\" src=\"http:\/\/laserantitabac-gaba.com\/wp-content\/uploads\/2022\/11\/IMEN_ZEGMANI_NOV22-38-683x1024.jpg\" alt=\"\" class=\"wp-image-188\" srcset=\"https:\/\/laserantitabac-gaba.com\/wp-content\/uploads\/2022\/11\/IMEN_ZEGMANI_NOV22-38-683x1024.jpg 683w, https:\/\/laserantitabac-gaba.com\/wp-content\/uploads\/2022\/11\/IMEN_ZEGMANI_NOV22-38-200x300.jpg 200w, https:\/\/laserantitabac-gaba.com\/wp-content\/uploads\/2022\/11\/IMEN_ZEGMANI_NOV22-38-768x1152.jpg 768w, https:\/\/laserantitabac-gaba.com\/wp-content\/uploads\/2022\/11\/IMEN_ZEGMANI_NOV22-38-1024x1536.jpg 1024w, https:\/\/laserantitabac-gaba.com\/wp-content\/uploads\/2022\/11\/IMEN_ZEGMANI_NOV22-38-1365x2048.jpg 1365w, https:\/\/laserantitabac-gaba.com\/wp-content\/uploads\/2022\/11\/IMEN_ZEGMANI_NOV22-38-scaled.jpg 1707w\" sizes=\"(max-width: 683px) 100vw, 683px\" \/><\/figure>\n<\/div>\n\n\n\n<div class=\"wp-block-column is-vertically-aligned-center is-layout-flow wp-block-column-is-layout-flow\" style=\"flex-basis:50%\">\n<h2 class=\"wp-block-heading has-text-color has-large-font-size\" style=\"color:#686653\"><span style=\"text-decoration: underline;\">Auriculoth\u00e9rapie et laser : un chemin vers la libert\u00e9<\/span><\/h2>\n\n\n\n<blockquote class=\"wp-block-quote is-style-default has-nv-light-bg-color has-text-color is-layout-flow wp-block-quote-is-layout-flow\">\n<p class=\"has-text-color has-small-font-size\" style=\"color:#686653\">L\u2019auriculoth\u00e9rapie, <strong>reconnue par l\u2019OMS<\/strong> et soutenue par l\u2019ARS, est une approche douce et respectueuse qui agit directement sur <strong>les points de l\u2019oreille pour supprimer le manque physique li\u00e9 au tabac, \u00e0 l\u2019alcool, au cannabis ou au sucre. <\/strong><br><em>Les pulsions s\u2019apaisent, le corps se d\u00e9tend et le stress li\u00e9 \u00e0 la d\u00e9pendance diminue.<\/em><br>Associ\u00e9 au laser, ce protocole permet d\u2019agir rapidement <strong>d\u00e8s la premi\u00e8re s\u00e9ance,<\/strong> en stimulant la production naturelle d\u2019endorphines et en aidant \u00e0 <strong>d\u00e9connecter les circuits de la d\u00e9pendance physique.<\/strong><br><br><em>Chaque s\u00e9ance est guid\u00e9e par l\u2019\u00e9coute, l\u2019empathie et la bienveillance. L\u2019objectif n\u2019est pas seulement d\u2019arr\u00eater une habitude, mais de retrouver libert\u00e9, s\u00e9r\u00e9nit\u00e9 et \u00e9quilibre, en toute s\u00e9curit\u00e9 et en respectant votre rythme.<\/em><\/p>\n\n\n\n<p class=\"has-neve-text-color-color has-text-color has-small-font-size\"><\/p>\n<\/blockquote>\n\n\n\n<p>\u0086<\/p>\n<\/div>\n<\/div>\n\n\n\n<div style=\"height:40px\" aria-hidden=\"true\" class=\"wp-block-spacer\"><\/div>\n<\/div>\n\n\n\n<div class=\"wp-block-cover alignfull\" style=\"min-height:937px;aspect-ratio:unset;\"><span aria-hidden=\"true\" class=\"wp-block-cover__background has-background-dim-100 has-background-dim\" style=\"background-color:#686653\"><\/span><div class=\"wp-block-cover__inner-container is-layout-flow wp-block-cover-is-layout-flow\">\n<div class=\"wp-block-media-text alignwide is-stacked-on-mobile is-vertically-aligned-center is-image-fill-element\" style=\"grid-template-columns:42% auto\"><figure class=\"wp-block-media-text__media\"><img decoding=\"async\" width=\"1024\" height=\"683\" src=\"http:\/\/laserantitabac-gaba.com\/wp-content\/uploads\/2022\/11\/IMEN_ZEGMANI_NOV22-42-1024x683.jpg\" alt=\"\" class=\"wp-image-155 size-full\" style=\"object-position:50% 50%\" srcset=\"https:\/\/laserantitabac-gaba.com\/wp-content\/uploads\/2022\/11\/IMEN_ZEGMANI_NOV22-42-1024x683.jpg 1024w, https:\/\/laserantitabac-gaba.com\/wp-content\/uploads\/2022\/11\/IMEN_ZEGMANI_NOV22-42-300x200.jpg 300w, https:\/\/laserantitabac-gaba.com\/wp-content\/uploads\/2022\/11\/IMEN_ZEGMANI_NOV22-42-768x512.jpg 768w, https:\/\/laserantitabac-gaba.com\/wp-content\/uploads\/2022\/11\/IMEN_ZEGMANI_NOV22-42-1536x1024.jpg 1536w, https:\/\/laserantitabac-gaba.com\/wp-content\/uploads\/2022\/11\/IMEN_ZEGMANI_NOV22-42-2048x1365.jpg 2048w, https:\/\/laserantitabac-gaba.com\/wp-content\/uploads\/2022\/11\/IMEN_ZEGMANI_NOV22-42-930x620.jpg 930w\" sizes=\"(max-width: 1024px) 100vw, 1024px\" \/><\/figure><div class=\"wp-block-media-text__content\">\n<h2 class=\"wp-block-heading has-text-color\" style=\"color:#fff9f1\">Se sentir libre, se sentir vivre&#8230; \ud83e\udd0e<\/h2>\n\n\n\n<p class=\"has-text-color has-small-font-size\" style=\"color:#fff9f1\"><em>Rassurez-vous, vous n\u2019\u00eates pas n\u00e9 avec une d\u00e9pendance au <strong>tabac, \u00e0 l\u2019alcool, au cannabis ou au sucre<\/strong>\u2026 vous avez simplement appris \u00e0 l\u2019\u00eatre et \u00e0 vivre avec.<\/em><\/p>\n\n\n\n<p class=\"has-text-color has-link-color wp-elements-40879ff89c61436aad5837647f3a6e9b\" style=\"color:#fff9f1\">Comme tout apprentissage (lire, \u00e9crire, faire du v\u00e9lo\u2026), une <strong>connexion synaptique<\/strong> s\u2019est cr\u00e9\u00e9e entre vos neurones, g\u00e9n\u00e9rant aujourd\u2019hui une <strong>d\u00e9pendance physique<\/strong>.<\/p>\n\n\n\n<p class=\"has-text-color has-link-color wp-elements-55177b41fa806ab5c6f1e377b7d867fe\" style=\"color:#fff9f1\">Gr\u00e2ce \u00e0 l\u2019alliance de l\u2019<strong>auriculoth\u00e9rapie<\/strong> et du <strong>laser<\/strong>, nous agissons directement sur cette d\u00e9pendance physique. Cette m\u00e9thode est <strong>douce, s\u00fbre, indolore<\/strong> et ne pr\u00e9sente aucun effet secondaire ind\u00e9sirable.<\/p>\n\n\n\n<p class=\"has-text-color has-link-color wp-elements-6c73cc835e6fa6b160a0e719b29f75fe\" style=\"color:#fff9f1\">Elle cible le <strong>manque, les pulsions, l\u2019angoisse et la gestuelle<\/strong>, en stimulant uniquement des points pr\u00e9cis sur le pavillon de l\u2019oreille. Le <strong>laser<\/strong>, sans endommager la peau, excite les terminaisons nerveuses avec pr\u00e9cision pour d\u00e9connecter les circuits de la d\u00e9pendance et favoriser un <strong>arr\u00eat imm\u00e9diat<\/strong>.<\/p>\n\n\n\n<p class=\"has-text-color has-small-font-size\" style=\"color:#fff9f1\"><em>R\u00e9sultat : plus de <strong>manque, de nervosit\u00e9, de compensation<\/strong>, et <strong>pas de prise de poids<\/strong>. Une m\u00e9thode <strong>redoutablement efficace<\/strong> pour le sevrage du tabac, de l\u2019alcool, du cannabis, du sucre ou de toute autre d\u00e9pendance.<\/em><\/p>\n<\/div><\/div>\n\n\n\n<p><\/p>\n<\/div><\/div>\n<\/div><\/div>\n\n\n\n<div class=\"wp-block-cover alignfull is-light\" style=\"min-height:1024px;aspect-ratio:unset;\"><span aria-hidden=\"true\" class=\"wp-block-cover__background has-background-dim-100 has-background-dim\" style=\"background-color:#fff9f1\"><\/span><div class=\"wp-block-cover__inner-container is-layout-flow wp-block-cover-is-layout-flow\">\n<div class=\"wp-block-group is-layout-flow wp-block-group-is-layout-flow\">\n<div style=\"height:80px\" aria-hidden=\"true\" class=\"wp-block-spacer\"><\/div>\n\n\n\n<div class=\"wp-block-columns are-vertically-aligned-center is-layout-flex wp-container-core-columns-is-layout-28f84493 wp-block-columns-is-layout-flex\">\n<div class=\"wp-block-column is-vertically-aligned-center is-layout-flow wp-block-column-is-layout-flow\" style=\"flex-basis:50%\">\n<figure class=\"wp-block-image size-large\"><img decoding=\"async\" width=\"683\" height=\"1024\" src=\"http:\/\/laserantitabac-gaba.com\/wp-content\/uploads\/2022\/11\/IMEN_ZEGMANI_NOV22-46-683x1024.jpg\" alt=\"\" class=\"wp-image-159\" srcset=\"https:\/\/laserantitabac-gaba.com\/wp-content\/uploads\/2022\/11\/IMEN_ZEGMANI_NOV22-46-683x1024.jpg 683w, https:\/\/laserantitabac-gaba.com\/wp-content\/uploads\/2022\/11\/IMEN_ZEGMANI_NOV22-46-200x300.jpg 200w, https:\/\/laserantitabac-gaba.com\/wp-content\/uploads\/2022\/11\/IMEN_ZEGMANI_NOV22-46-768x1152.jpg 768w, https:\/\/laserantitabac-gaba.com\/wp-content\/uploads\/2022\/11\/IMEN_ZEGMANI_NOV22-46-1024x1536.jpg 1024w, https:\/\/laserantitabac-gaba.com\/wp-content\/uploads\/2022\/11\/IMEN_ZEGMANI_NOV22-46-1365x2048.jpg 1365w, https:\/\/laserantitabac-gaba.com\/wp-content\/uploads\/2022\/11\/IMEN_ZEGMANI_NOV22-46-scaled.jpg 1707w\" sizes=\"(max-width: 683px) 100vw, 683px\" \/><\/figure>\n<\/div>\n\n\n\n<div class=\"wp-block-column is-vertically-aligned-center is-layout-flow wp-block-column-is-layout-flow\" style=\"flex-basis:50%\">\n<h2 class=\"wp-block-heading has-text-color has-large-font-size\" style=\"color:#686653\"><span style=\"text-decoration: underline;\">La m\u00e9thode en bref : Auriculoth\u00e9rapie et Laser pour le sevrage<\/span>.<\/h2>\n\n\n\n<blockquote class=\"wp-block-quote is-style-default has-nv-light-bg-color has-text-color is-layout-flow wp-block-quote-is-layout-flow\">\n<p class=\"has-text-color has-small-font-size\" style=\"color:#686653\">Cette approche combine <strong>auriculoth\u00e9rapie et laser<\/strong> pour accompagner le sevrage du <strong>tabac, de l\u2019alcool, du cannabis, du sucre et de la cigarette \u00e9lectronique<\/strong>.<\/p>\n<\/blockquote>\n\n\n\n<p class=\"has-text-color has-link-color wp-elements-67190e0f1e2b9167c11b5d6516f7012b\" style=\"color:#686653\">La <strong>las\u00e9roth\u00e9rapie<\/strong> utilise un rayon laser tr\u00e8s concentr\u00e9, dont l\u2019intensit\u00e9 reste douce et comparable \u00e0 celle d\u2019une simple ampoule. Ce laser stimule pr\u00e9cis\u00e9ment les <strong>points d\u2019auriculoth\u00e9rapie situ\u00e9s autour de l\u2019oreille<\/strong>, l\u00e0 o\u00f9 se concentrent les circuits li\u00e9s \u00e0 la d\u00e9pendance.<\/p>\n\n\n\n<p class=\"has-text-color has-link-color wp-elements-5a0e4ffc0830b710235da9e72b4d07f1\" style=\"color:#686653\">Gr\u00e2ce \u00e0 cette m\u00e9thode :<\/p>\n\n\n\n<ul class=\"wp-block-list\">\n<li class=\"has-text-color has-link-color wp-elements-11c2713bdde6d08e4cef1119253621c6\" style=\"color:#686653\">Le <strong>besoin physique de consommer dispara\u00eet<\/strong> rapidement.<\/li>\n\n\n\n<li class=\"has-text-color has-link-color wp-elements-0c8b8c99424a034e5c47b704e14aeb48\" style=\"color:#686653\">Les <strong>pulsions et envies s\u2019apaisent<\/strong>, ainsi que la nervosit\u00e9 et le stress li\u00e9s au sevrage.<\/li>\n\n\n\n<li class=\"has-text-color has-link-color wp-elements-fe83dc762857129a7cb021ab86710881\" style=\"color:#686653\">Les gestes automatiques et comportements de <strong>compensation<\/strong> sont r\u00e9duits.<\/li>\n\n\n\n<li class=\"has-text-color has-link-color wp-elements-195ec82a5697d7ff69fd4a0062172dbe\" style=\"color:#686653\">La m\u00e9thode est <strong>douce, indolore et s\u00fbre<\/strong>, sans effets secondaires ni prise de poids.<\/li>\n<\/ul>\n\n\n\n<p class=\"has-text-color\" style=\"color:#686653\">Cette approche innovante agit sur le <strong>sevrage de fa\u00e7on naturelle et efficace<\/strong>, permettant de <strong>reprendre le contr\u00f4le de ses habitudes et de retrouver libert\u00e9 et s\u00e9r\u00e9nit\u00e9<\/strong>.<\/p>\n\n\n\n<p class=\"has-text-color\" style=\"color:#686653\"><\/p>\n<\/div>\n<\/div>\n\n\n\n<div style=\"height:40px\" aria-hidden=\"true\" class=\"wp-block-spacer\"><\/div>\n<\/div>\n<\/div><\/div>\n\n\n\n<p class=\"has-text-align-center has-small-font-size\" style=\"line-height:.9\"><strong><br><b>Tous droits r\u00e9serv\u00e9s \u00a9 Centre Gaba<\/b> | Laser Anti Tabac I Auriculoth\u00e9rapie Bien-Etre | Essonne I Arpajon | 2026<\/strong><\/p>\n","protected":false},"excerpt":{"rendered":"","protected":false},"author":1,"featured_media":0,"parent":0,"menu_order":0,"comment_status":"closed","ping_status":"closed","template":"","meta":{"_themeisle_gutenberg_block_has_review":false,"footnotes":""},"class_list":["post-11","page","type-page","status-publish","hentry"],"_links":{"self":[{"href":"https:\/\/laserantitabac-gaba.com\/index.php\/wp-json\/wp\/v2\/pages\/11","targetHints":{"allow":["GET"]}}],"collection":[{"href":"https:\/\/laserantitabac-gaba.com\/index.php\/wp-json\/wp\/v2\/pages"}],"about":[{"href":"https:\/\/laserantitabac-gaba.com\/index.php\/wp-json\/wp\/v2\/types\/page"}],"author":[{"embeddable":true,"href":"https:\/\/laserantitabac-gaba.com\/index.php\/wp-json\/wp\/v2\/users\/1"}],"replies":[{"embeddable":true,"href":"https:\/\/laserantitabac-gaba.com\/index.php\/wp-json\/wp\/v2\/comments?post=11"}],"version-history":[{"count":30,"href":"https:\/\/laserantitabac-gaba.com\/index.php\/wp-json\/wp\/v2\/pages\/11\/revisions"}],"predecessor-version":[{"id":417,"href":"https:\/\/laserantitabac-gaba.com\/index.php\/wp-json\/wp\/v2\/pages\/11\/revisions\/417"}],"wp:attachment":[{"href":"https:\/\/laserantitabac-gaba.com\/index.php\/wp-json\/wp\/v2\/media?parent=11"}],"curies":[{"name":"wp","href":"https:\/\/api.w.org\/{rel}","templated":true}]}}